{"id":99747,"date":"2024-11-02T02:00:59","date_gmt":"2024-11-02T06:00:59","guid":{"rendered":"https:\/\/devsite.adra.ca\/?post_type=product&#038;p=99747"},"modified":"2024-11-06T03:31:03","modified_gmt":"2024-11-06T08:31:03","slug":"compelled-by-love-where-needed-most","status":"publish","type":"product","link":"https:\/\/devsite.adra.ca\/fr\/produit\/compelled-by-love-where-needed-most\/","title":{"rendered":"Pouss\u00e9 par l&#039;amour, l\u00e0 o\u00f9 il en a le plus besoin. <br><br><b>VOTRE DON DE TOUT MONTANT<\/b>"},"content":{"rendered":"<p>En contribuant au Fonds d&#039;amour, vous apportez un soutien ponctuel au moment o\u00f9 les besoins sont les plus criants, garantissant ainsi que l&#039;aide parvienne aux plus vuln\u00e9rables. Ensemble, nous pouvons combler les lacunes et apporter l&#039;amour l\u00e0 o\u00f9 il compte le plus.<\/p>","protected":false},"excerpt":{"rendered":"<p>Dans les r\u00e9gions d\u00e9vast\u00e9es par les crises \u00e9conomiques et les d\u00e9fis environnementaux, les familles ont souvent du mal \u00e0 se procurer suffisamment de nourriture.<\/p>\n<p>Votre don de $211 permet d&#039;obtenir des semences et des outils essentiels pour doter une famille des ressources n\u00e9cessaires \u00e0 la plantation et \u00e0 la r\u00e9colte de cultures nutritives, contribuant ainsi \u00e0 sa s\u00e9curit\u00e9 alimentaire \u00e0 long terme. Ces outils ne se limitent pas \u00e0<br \/>\nNous assurons la subsistance, mais aussi favorisons l&#039;autosuffisance et la r\u00e9silience face aux difficult\u00e9s \u00e9conomiques actuelles. Votre soutien aide ces familles \u00e0 briser le cycle de la faim en construisant leur propre avenir.<\/p>","protected":false},"featured_media":100170,"template":"","meta":{"wds_primary_product_brand":0,"wds_primary_product_cat":0},"product_brand":[],"product_cat":[185],"product_tag":[],"class_list":{"0":"post-99747","1":"product","2":"type-product","3":"status-publish","4":"has-post-thumbnail","6":"product_cat-emergency","8":"first","9":"instock","10":"featured","11":"shipping-taxable","12":"purchasable","13":"product-type-simple"},"_links":{"self":[{"href":"https:\/\/devsite.adra.ca\/fr\/wp-json\/wp\/v2\/product\/99747","targetHints":{"allow":["GET"]}}],"collection":[{"href":"https:\/\/devsite.adra.ca\/fr\/wp-json\/wp\/v2\/product"}],"about":[{"href":"https:\/\/devsite.adra.ca\/fr\/wp-json\/wp\/v2\/types\/product"}],"version-history":[{"count":0,"href":"https:\/\/devsite.adra.ca\/fr\/wp-json\/wp\/v2\/product\/99747\/revisions"}],"wp:featuredmedia":[{"embeddable":true,"href":"https:\/\/devsite.adra.ca\/fr\/wp-json\/wp\/v2\/media\/100170"}],"wp:attachment":[{"href":"https:\/\/devsite.adra.ca\/fr\/wp-json\/wp\/v2\/media?parent=99747"}],"wp:term":[{"taxonomy":"product_brand","embeddable":true,"href":"https:\/\/devsite.adra.ca\/fr\/wp-json\/wp\/v2\/product_brand?post=99747"},{"taxonomy":"product_cat","embeddable":true,"href":"https:\/\/devsite.adra.ca\/fr\/wp-json\/wp\/v2\/product_cat?post=99747"},{"taxonomy":"product_tag","embeddable":true,"href":"https:\/\/devsite.adra.ca\/fr\/wp-json\/wp\/v2\/product_tag?post=99747"}],"curies":[{"name":"wp","href":"https:\/\/api.w.org\/{rel}","templated":true}]}}