{"id":99745,"date":"2024-11-02T03:49:37","date_gmt":"2024-11-02T07:49:37","guid":{"rendered":"https:\/\/devsite.adra.ca\/?post_type=product&#038;p=99745"},"modified":"2024-11-07T04:32:40","modified_gmt":"2024-11-07T09:32:40","slug":"greenhouse-for-off-season-vegetable-production-copy","status":"publish","type":"product","link":"https:\/\/devsite.adra.ca\/fr\/produit\/greenhouse-for-off-season-vegetable-production-copy\/","title":{"rendered":"Serre pour la production de l\u00e9gumes hors saison (Copie)"},"content":{"rendered":"<p>Avec $240, vous aidez les agriculteurs \u00e0 prosp\u00e9rer en toute saison gr\u00e2ce \u00e0 une serre, une structure protectrice qui permet la production de l\u00e9gumes hors saison. Gr\u00e2ce \u00e0 cette solution innovante, vous permettez aux familles de cultiver des produits frais m\u00eame dans des climats difficiles, am\u00e9liorant ainsi leur nutrition et leurs revenus tout au long de l&#039;ann\u00e9e.<\/p>","protected":false},"excerpt":{"rendered":"<p>Avec $240, vous aidez les agriculteurs \u00e0 prosp\u00e9rer en toute saison gr\u00e2ce \u00e0 une serre, une structure protectrice qui permet la production de l\u00e9gumes hors saison. Gr\u00e2ce \u00e0 cette solution innovante, vous permettez aux familles de cultiver des produits frais m\u00eame dans des climats difficiles, am\u00e9liorant ainsi leur nutrition et leurs revenus tout au long de l&#039;ann\u00e9e.<\/p>","protected":false},"featured_media":99600,"template":"","meta":{"wds_primary_product_brand":0,"wds_primary_product_cat":0},"product_brand":[],"product_cat":[193],"product_tag":[],"class_list":{"0":"post-99745","1":"product","2":"type-product","3":"status-publish","4":"has-post-thumbnail","6":"product_cat-agriculture","8":"first","9":"instock","10":"featured","11":"virtual","12":"purchasable","13":"product-type-simple"},"_links":{"self":[{"href":"https:\/\/devsite.adra.ca\/fr\/wp-json\/wp\/v2\/product\/99745","targetHints":{"allow":["GET"]}}],"collection":[{"href":"https:\/\/devsite.adra.ca\/fr\/wp-json\/wp\/v2\/product"}],"about":[{"href":"https:\/\/devsite.adra.ca\/fr\/wp-json\/wp\/v2\/types\/product"}],"version-history":[{"count":0,"href":"https:\/\/devsite.adra.ca\/fr\/wp-json\/wp\/v2\/product\/99745\/revisions"}],"wp:featuredmedia":[{"embeddable":true,"href":"https:\/\/devsite.adra.ca\/fr\/wp-json\/wp\/v2\/media\/99600"}],"wp:attachment":[{"href":"https:\/\/devsite.adra.ca\/fr\/wp-json\/wp\/v2\/media?parent=99745"}],"wp:term":[{"taxonomy":"product_brand","embeddable":true,"href":"https:\/\/devsite.adra.ca\/fr\/wp-json\/wp\/v2\/product_brand?post=99745"},{"taxonomy":"product_cat","embeddable":true,"href":"https:\/\/devsite.adra.ca\/fr\/wp-json\/wp\/v2\/product_cat?post=99745"},{"taxonomy":"product_tag","embeddable":true,"href":"https:\/\/devsite.adra.ca\/fr\/wp-json\/wp\/v2\/product_tag?post=99745"}],"curies":[{"name":"wp","href":"https:\/\/api.w.org\/{rel}","templated":true}]}}