{"id":99743,"date":"2024-11-02T03:49:16","date_gmt":"2024-11-02T07:49:16","guid":{"rendered":"https:\/\/devsite.adra.ca\/?post_type=product&#038;p=99743"},"modified":"2024-11-07T04:32:30","modified_gmt":"2024-11-07T09:32:30","slug":"support-animal-fodder-with-azolla-fern-seeds-copy","status":"publish","type":"product","link":"https:\/\/devsite.adra.ca\/fr\/produit\/support-animal-fodder-with-azolla-fern-seeds-copy\/","title":{"rendered":"Aliment de soutien pour animaux \u00e0 base de graines de foug\u00e8re Azolla (Copie)"},"content":{"rendered":"<p>Votre don de $162 semences d&#039;Azolla permet de soutenir la culture de cette foug\u00e8re nutritive destin\u00e9e \u00e0 l&#039;alimentation animale. Ce don contribue \u00e0 am\u00e9liorer la sant\u00e9 des sols et encourage des pratiques agricoles durables.<\/p>","protected":false},"excerpt":{"rendered":"<p>Votre don de $162 semences d&#039;Azolla permet de soutenir la culture de cette foug\u00e8re nutritive destin\u00e9e \u00e0 l&#039;alimentation animale. Ce don contribue \u00e0 am\u00e9liorer la sant\u00e9 des sols et encourage des pratiques agricoles durables.<\/p>","protected":false},"featured_media":99602,"template":"","meta":{"wds_primary_product_brand":0,"wds_primary_product_cat":0},"product_brand":[],"product_cat":[193],"product_tag":[],"class_list":{"0":"post-99743","1":"product","2":"type-product","3":"status-publish","4":"has-post-thumbnail","6":"product_cat-agriculture","8":"first","9":"instock","10":"featured","11":"virtual","12":"purchasable","13":"product-type-simple"},"_links":{"self":[{"href":"https:\/\/devsite.adra.ca\/fr\/wp-json\/wp\/v2\/product\/99743","targetHints":{"allow":["GET"]}}],"collection":[{"href":"https:\/\/devsite.adra.ca\/fr\/wp-json\/wp\/v2\/product"}],"about":[{"href":"https:\/\/devsite.adra.ca\/fr\/wp-json\/wp\/v2\/types\/product"}],"version-history":[{"count":0,"href":"https:\/\/devsite.adra.ca\/fr\/wp-json\/wp\/v2\/product\/99743\/revisions"}],"wp:featuredmedia":[{"embeddable":true,"href":"https:\/\/devsite.adra.ca\/fr\/wp-json\/wp\/v2\/media\/99602"}],"wp:attachment":[{"href":"https:\/\/devsite.adra.ca\/fr\/wp-json\/wp\/v2\/media?parent=99743"}],"wp:term":[{"taxonomy":"product_brand","embeddable":true,"href":"https:\/\/devsite.adra.ca\/fr\/wp-json\/wp\/v2\/product_brand?post=99743"},{"taxonomy":"product_cat","embeddable":true,"href":"https:\/\/devsite.adra.ca\/fr\/wp-json\/wp\/v2\/product_cat?post=99743"},{"taxonomy":"product_tag","embeddable":true,"href":"https:\/\/devsite.adra.ca\/fr\/wp-json\/wp\/v2\/product_tag?post=99743"}],"curies":[{"name":"wp","href":"https:\/\/api.w.org\/{rel}","templated":true}]}}