{"id":98857,"date":"2024-10-30T02:50:54","date_gmt":"2024-10-30T06:50:54","guid":{"rendered":"https:\/\/devsite.adra.ca\/product\/black-and-white\/"},"modified":"2024-11-07T04:31:49","modified_gmt":"2024-11-07T09:31:49","slug":"black-and-white","status":"publish","type":"product","link":"https:\/\/devsite.adra.ca\/fr\/produit\/black-and-white\/","title":{"rendered":"Noir et blanc"},"content":{"rendered":"<p>Cette affiche haute qualit\u00e9 de 61 x 76 cm respire l&#039;\u00e9t\u00e9. Accrochez-la au mur et oubliez le monde ext\u00e9rieur.<\/p>","protected":false},"excerpt":{"rendered":"<p>Cette affiche haute qualit\u00e9 de 61 x 76 cm respire l&#039;\u00e9t\u00e9. Accrochez-la au mur et oubliez le monde ext\u00e9rieur.<\/p>","protected":false},"featured_media":98855,"template":"","meta":{"wds_primary_product_brand":0,"wds_primary_product_cat":0},"product_brand":[],"product_cat":[194],"product_tag":[],"class_list":{"0":"post-98857","1":"product","2":"type-product","3":"status-publish","4":"has-post-thumbnail","6":"product_cat-education","8":"first","9":"instock","10":"shipping-taxable","11":"purchasable","12":"product-type-simple"},"_links":{"self":[{"href":"https:\/\/devsite.adra.ca\/fr\/wp-json\/wp\/v2\/product\/98857","targetHints":{"allow":["GET"]}}],"collection":[{"href":"https:\/\/devsite.adra.ca\/fr\/wp-json\/wp\/v2\/product"}],"about":[{"href":"https:\/\/devsite.adra.ca\/fr\/wp-json\/wp\/v2\/types\/product"}],"version-history":[{"count":0,"href":"https:\/\/devsite.adra.ca\/fr\/wp-json\/wp\/v2\/product\/98857\/revisions"}],"wp:featuredmedia":[{"embeddable":true,"href":"https:\/\/devsite.adra.ca\/fr\/wp-json\/wp\/v2\/media\/98855"}],"wp:attachment":[{"href":"https:\/\/devsite.adra.ca\/fr\/wp-json\/wp\/v2\/media?parent=98857"}],"wp:term":[{"taxonomy":"product_brand","embeddable":true,"href":"https:\/\/devsite.adra.ca\/fr\/wp-json\/wp\/v2\/product_brand?post=98857"},{"taxonomy":"product_cat","embeddable":true,"href":"https:\/\/devsite.adra.ca\/fr\/wp-json\/wp\/v2\/product_cat?post=98857"},{"taxonomy":"product_tag","embeddable":true,"href":"https:\/\/devsite.adra.ca\/fr\/wp-json\/wp\/v2\/product_tag?post=98857"}],"curies":[{"name":"wp","href":"https:\/\/api.w.org\/{rel}","templated":true}]}}