{"id":98854,"date":"2024-10-30T02:50:52","date_gmt":"2024-10-30T06:50:52","guid":{"rendered":"https:\/\/devsite.adra.ca\/product\/3-speed-bike\/"},"modified":"2024-11-07T04:31:58","modified_gmt":"2024-11-07T09:31:58","slug":"3-speed-bike","status":"publish","type":"product","link":"https:\/\/devsite.adra.ca\/fr\/produit\/3-speed-bike\/","title":{"rendered":"V\u00e9lo \u00e0 3 vitesses"},"content":{"rendered":"<p>Foncez \u00e0 travers les rues sur ce v\u00e9lo haut de gamme \u00e0 3 vitesses. Fabriqu\u00e9 et assembl\u00e9 en Allemagne dans les ann\u00e9es 80.<\/p>","protected":false},"excerpt":{"rendered":"<p>Foncez \u00e0 travers les rues sur ce v\u00e9lo haut de gamme \u00e0 3 vitesses. Fabriqu\u00e9 et assembl\u00e9 en Allemagne dans les ann\u00e9es 80.<\/p>","protected":false},"featured_media":98853,"template":"","meta":{"wds_primary_product_brand":0,"wds_primary_product_cat":0},"product_brand":[],"product_cat":[194],"product_tag":[],"class_list":{"0":"post-98854","1":"product","2":"type-product","3":"status-publish","4":"has-post-thumbnail","6":"product_cat-education","8":"first","9":"instock","10":"shipping-taxable","11":"purchasable","12":"product-type-simple"},"_links":{"self":[{"href":"https:\/\/devsite.adra.ca\/fr\/wp-json\/wp\/v2\/product\/98854","targetHints":{"allow":["GET"]}}],"collection":[{"href":"https:\/\/devsite.adra.ca\/fr\/wp-json\/wp\/v2\/product"}],"about":[{"href":"https:\/\/devsite.adra.ca\/fr\/wp-json\/wp\/v2\/types\/product"}],"version-history":[{"count":0,"href":"https:\/\/devsite.adra.ca\/fr\/wp-json\/wp\/v2\/product\/98854\/revisions"}],"wp:featuredmedia":[{"embeddable":true,"href":"https:\/\/devsite.adra.ca\/fr\/wp-json\/wp\/v2\/media\/98853"}],"wp:attachment":[{"href":"https:\/\/devsite.adra.ca\/fr\/wp-json\/wp\/v2\/media?parent=98854"}],"wp:term":[{"taxonomy":"product_brand","embeddable":true,"href":"https:\/\/devsite.adra.ca\/fr\/wp-json\/wp\/v2\/product_brand?post=98854"},{"taxonomy":"product_cat","embeddable":true,"href":"https:\/\/devsite.adra.ca\/fr\/wp-json\/wp\/v2\/product_cat?post=98854"},{"taxonomy":"product_tag","embeddable":true,"href":"https:\/\/devsite.adra.ca\/fr\/wp-json\/wp\/v2\/product_tag?post=98854"}],"curies":[{"name":"wp","href":"https:\/\/api.w.org\/{rel}","templated":true}]}}